{"id":118562,"date":"2020-10-23T11:05:57","date_gmt":"2020-10-23T09:05:57","guid":{"rendered":"https:\/\/gynecologyprague.cz\/?page_id=118562"},"modified":"2020-10-23T12:33:24","modified_gmt":"2020-10-23T10:33:24","slug":"galerie","status":"publish","type":"page","link":"https:\/\/gynecologyprague.cz\/cs\/galerie\/","title":{"rendered":"GALERIE"},"content":{"rendered":"<p>[et_pb_section fb_built=&#8220;1&#8243; admin_label=&#8220;Sekce&#8220; _builder_version=&#8220;3.22&#8243; custom_css_main_element=&#8220;background: rgba(181,198,208,1);||background: -moz-linear-gradient(left, rgba(181,198,208,1) 0%, rgba(245,92,92,1) 0%, rgba(252,171,90,1) 100%);||background: -webkit-gradient(left top, right top, color-stop(0%, rgba(181,198,208,1)), color-stop(0%, rgba(245,92,92,1)), color-stop(100%, rgba(252,171,90,1)));||background: -webkit-linear-gradient(left, rgba(181,198,208,1) 0%, rgba(245,92,92,1) 0%, rgba(252,171,90,1) 100%);||background: -o-linear-gradient(left, rgba(181,198,208,1) 0%, rgba(245,92,92,1) 0%, rgba(252,171,90,1) 100%);||background: -ms-linear-gradient(left, rgba(181,198,208,1) 0%, rgba(245,92,92,1) 0%, rgba(252,171,90,1) 100%);||background: linear-gradient(to right, rgba(181,198,208,1) 0%, rgba(245,92,92,1) 0%, rgba(252,171,90,1) 100%);||filter: progid:DXImageTransform.Microsoft.gradient( startColorstr=&#8217;#b5c6d0&#8242;, endColorstr=&#8217;#fcab5a&#8216;, GradientType=1 );&#8220; transparent_background=&#8220;off&#8220; make_fullwidth=&#8220;off&#8220; use_custom_width=&#8220;off&#8220; width_unit=&#8220;on&#8220;][et_pb_row admin_label=&#8220;\u0158\u00e1dek&#8220; _builder_version=&#8220;3.25&#8243; background_size=&#8220;initial&#8220; background_position=&#8220;top_left&#8220; background_repeat=&#8220;repeat&#8220;][et_pb_column type=&#8220;4_4&#8243; _builder_version=&#8220;3.25&#8243; custom_padding=&#8220;|||&#8220; custom_padding__hover=&#8220;|||&#8220;][\/et_pb_column][\/et_pb_row][\/et_pb_section][et_pb_section fb_built=&#8220;1&#8243; admin_label=&#8220;Section #2 &#8211; Practice Areas&#8220; _builder_version=&#8220;3.22&#8243; custom_padding=&#8220;10%|||&#8220; custom_padding_tablet=&#8220;10%|||&#8220; transparent_background=&#8220;off&#8220; padding_mobile=&#8220;on&#8220; make_fullwidth=&#8220;off&#8220; use_custom_width=&#8220;off&#8220; width_unit=&#8220;on&#8220; collapsed=&#8220;off&#8220;][et_pb_row column_structure=&#8220;1_2,1_2&#8243; padding_mobile=&#8220;off&#8220; column_padding_mobile=&#8220;on&#8220; custom_padding_last_edited=&#8220;on|tablet&#8220; admin_label=&#8220;row&#8220; _builder_version=&#8220;3.25&#8243; background_size=&#8220;initial&#8220; background_position=&#8220;top_left&#8220; background_repeat=&#8220;repeat&#8220; custom_padding_tablet=&#8220;0px||0px|&#8220; custom_padding_phone=&#8220;&#8220; make_fullwidth=&#8220;off&#8220; use_custom_width=&#8220;off&#8220; width_unit=&#8220;on&#8220;][et_pb_column type=&#8220;1_2&#8243; _builder_version=&#8220;3.25&#8243; custom_padding=&#8220;|||&#8220; custom_padding__hover=&#8220;|||&#8220;][et_pb_text admin_label=&#8220;GALLERY Welcome to SHAYNA ROSE Office Gynecology! Visit image gallery of our gynecology offices!&#8220; _builder_version=&#8220;4.6.6&#8243; header_font=&#8220;Open Sans|on|||&#8220; header_font_size=&#8220;50&#8243; background_size=&#8220;initial&#8220; background_position=&#8220;top_left&#8220; background_repeat=&#8220;repeat&#8220; text_orientation=&#8220;right&#8220; custom_padding=&#8220;10px|||&#8220; custom_padding_tablet=&#8220;5px|||&#8220; custom_padding_phone=&#8220;&#8220; custom_padding_last_edited=&#8220;on|desktop&#8220; header_font_size_tablet=&#8220;&#8220; header_font_size_phone=&#8220;32&#8243; header_font_size_last_edited=&#8220;on|phone&#8220; use_border_color=&#8220;off&#8220; border_color=&#8220;#ffffff&#8220; border_style=&#8220;solid&#8220;]<\/p>\n<h1>GALERIE<\/h1>\n<h5><span style=\"color: #fa705c;\">V\u00edtejte v SHAYNA ROSE!<\/span><\/h5>\n<h5><span style=\"color: #fa705c;\">Prohl\u00e9dn\u011bte si na\u0161\u00ed fotogalerii<\/span><\/h5>\n<p>[\/et_pb_text][\/et_pb_column][et_pb_column type=&#8220;1_2&#8243; _builder_version=&#8220;3.25&#8243; custom_padding=&#8220;|||&#8220; custom_padding__hover=&#8220;|||&#8220;][et_pb_image src=&#8220;http:\/\/gynecologyprague.cz\/wp-content\/uploads\/2017\/02\/ordinace-shayna_2.jpg&#8220; align=&#8220;center&#8220; align_tablet=&#8220;center&#8220; align_phone=&#8220;&#8220; align_last_edited=&#8220;on|desktop&#8220; disabled_on=&#8220;on|on|&#8220; admin_label=&#8220;Image For Desktop&#8220; _builder_version=&#8220;3.23&#8243; custom_margin=&#8220;-257px|||&#8220; custom_margin_tablet=&#8220;0px|||&#8220; custom_margin_phone=&#8220;&#8220; custom_margin_last_edited=&#8220;on|phone&#8220; animation_style=&#8220;slide&#8220; animation_direction=&#8220;right&#8220; animation_duration=&#8220;500ms&#8220; animation_intensity_slide=&#8220;10%&#8220; custom_css_main_element=&#8220;width: 125%;||z-index: 0;||position: relative;&#8220; use_border_color=&#8220;off&#8220; border_color=&#8220;#ffffff&#8220; border_style=&#8220;solid&#8220; animation=&#8220;right&#8220; sticky=&#8220;off&#8220; always_center_on_mobile=&#8220;on&#8220;][\/et_pb_image][et_pb_image src=&#8220;http:\/\/gynecologyprague.cz\/wp-content\/uploads\/2017\/02\/ordinace-shayna_2.jpg&#8220; align=&#8220;center&#8220; align_tablet=&#8220;center&#8220; align_phone=&#8220;&#8220; align_last_edited=&#8220;on|desktop&#8220; disabled_on=&#8220;||on&#8220; admin_label=&#8220;Image For Mobile&#8220; _builder_version=&#8220;3.23&#8243; custom_margin_tablet=&#8220;0px|||&#8220; custom_margin_last_edited=&#8220;off|desktop&#8220; animation_style=&#8220;slide&#8220; animation_direction=&#8220;right&#8220; animation_duration=&#8220;500ms&#8220; animation_intensity_slide=&#8220;10%&#8220; use_border_color=&#8220;off&#8220; border_color=&#8220;#ffffff&#8220; border_style=&#8220;solid&#8220; animation=&#8220;right&#8220; sticky=&#8220;off&#8220; always_center_on_mobile=&#8220;on&#8220;][\/et_pb_image][\/et_pb_column][\/et_pb_row][et_pb_row admin_label=&#8220;\u0158\u00e1dek&#8220; _builder_version=&#8220;3.25&#8243; background_size=&#8220;initial&#8220; background_position=&#8220;top_left&#8220; background_repeat=&#8220;repeat&#8220;][et_pb_column type=&#8220;4_4&#8243; _builder_version=&#8220;3.25&#8243; custom_padding=&#8220;|||&#8220; custom_padding__hover=&#8220;|||&#8220;][et_pb_gallery gallery_ids=&#8220;118462,118466,118468,118532,118533,118534,118535,118536,118537,118538,118539,118540,118541,118542,118543,118544,118545,118546,118547,118548,118549,118550,118551,118552,118553,118554&#8243; posts_number=&#8220;30&#8243; db_image_object_fit=&#8220;contain&#8220; dbdb_version=&#8220;3.3.3&#8243; show_title_and_caption=&#8220;off&#8220; admin_label=&#8220;Galerie&#8220; _builder_version=&#8220;4.0.6&#8243; use_border_color=&#8220;off&#8220; border_color=&#8220;#ffffff&#8220; border_style=&#8220;solid&#8220;][\/et_pb_gallery][et_pb_button button_url=&#8220;https:\/\/gynecologyprague.cz\/cs\/kontakty\/&#8220; button_text=&#8220;Kontaktujte n\u00e1s&#8220; button_alignment=&#8220;center&#8220; admin_label=&#8220;Tla\u010d\u00edtko&#8220; _builder_version=&#8220;4.6.6&#8243; custom_button=&#8220;on&#8220; button_text_color=&#8220;#ffffff&#8220; button_bg_color=&#8220;#f55c5c&#8220; button_border_width=&#8220;0&#8243; button_border_color=&#8220;#f55c5c&#8220; button_border_radius=&#8220;0&#8243; background_layout=&#8220;dark&#8220; button_text_color_hover=&#8220;#ffffff&#8220; button_border_color_hover=&#8220;#fcab5a&#8220; button_border_radius_hover=&#8220;0&#8243; button_letter_spacing_hover=&#8220;0&#8243; button_bg_color_hover=&#8220;#fcab5a&#8220; saved_tabs=&#8220;all&#8220; button_text_size__hover_enabled=&#8220;off&#8220; button_one_text_size__hover_enabled=&#8220;off&#8220; button_two_text_size__hover_enabled=&#8220;off&#8220; button_text_color__hover_enabled=&#8220;on&#8220; button_text_color__hover=&#8220;#ffffff&#8220; button_one_text_color__hover_enabled=&#8220;off&#8220; button_two_text_color__hover_enabled=&#8220;off&#8220; button_border_width__hover_enabled=&#8220;off&#8220; button_one_border_width__hover_enabled=&#8220;off&#8220; button_two_border_width__hover_enabled=&#8220;off&#8220; button_border_color__hover_enabled=&#8220;on&#8220; button_border_color__hover=&#8220;#fcab5a&#8220; button_one_border_color__hover_enabled=&#8220;off&#8220; button_two_border_color__hover_enabled=&#8220;off&#8220; button_border_radius__hover_enabled=&#8220;on&#8220; button_border_radius__hover=&#8220;0&#8243; button_one_border_radius__hover_enabled=&#8220;off&#8220; button_two_border_radius__hover_enabled=&#8220;off&#8220; button_letter_spacing__hover_enabled=&#8220;on&#8220; button_letter_spacing__hover=&#8220;0&#8243; button_one_letter_spacing__hover_enabled=&#8220;off&#8220; button_two_letter_spacing__hover_enabled=&#8220;off&#8220; button_bg_color__hover_enabled=&#8220;on&#8220; button_bg_color__hover=&#8220;#fcab5a&#8220; button_one_bg_color__hover_enabled=&#8220;off&#8220; button_two_bg_color__hover_enabled=&#8220;off&#8220;][\/et_pb_button][\/et_pb_column][\/et_pb_row][\/et_pb_section]<\/p>\n","protected":false},"excerpt":{"rendered":"<p>[et_pb_section fb_built=&#8220;1&#8243; admin_label=&#8220;Sekce&#8220; _builder_version=&#8220;3.22&#8243; custom_css_main_element=&#8220;background: rgba(181,198,208,1);||background: -moz-linear-gradient(left, rgba(181,198,208,1) 0%, rgba(245,92,92,1) 0%, rgba(252,171,90,1) 100%);||background: -webkit-gradient(left top, right top, color-stop(0%, rgba(181,198,208,1)), color-stop(0%, rgba(245,92,92,1)), color-stop(100%, rgba(252,171,90,1)));||background: -webkit-linear-gradient(left, rgba(181,198,208,1) 0%, rgba(245,92,92,1) 0%, rgba(252,171,90,1) 100%);||background: -o-linear-gradient(left, rgba(181,198,208,1) 0%, rgba(245,92,92,1) 0%, rgba(252,171,90,1) 100%);||background: -ms-linear-gradient(left, rgba(181,198,208,1) 0%, rgba(245,92,92,1) 0%, rgba(252,171,90,1) 100%);||background: linear-gradient(to right, rgba(181,198,208,1) 0%, rgba(245,92,92,1) 0%, rgba(252,171,90,1) 100%);||filter: progid:DXImageTransform.Microsoft.gradient( startColorstr=&#8217;#b5c6d0&#8242;, endColorstr=&#8217;#fcab5a&#8216;, [&hellip;]<\/p>\n","protected":false},"author":9,"featured_media":0,"parent":0,"menu_order":0,"comment_status":"closed","ping_status":"closed","template":"","meta":{"_et_pb_use_builder":"on","_et_pb_old_content":"[et_pb_section fb_built=\"1\" admin_label=\"Sekce\" _builder_version=\"3.22\" custom_css_main_element=\"background: rgba(181,198,208,1);||background: -moz-linear-gradient(left, rgba(181,198,208,1) 0%, rgba(245,92,92,1) 0%, rgba(252,171,90,1) 100%);||background: -webkit-gradient(left top, right top, color-stop(0%, rgba(181,198,208,1)), color-stop(0%, rgba(245,92,92,1)), color-stop(100%, rgba(252,171,90,1)));||background: -webkit-linear-gradient(left, rgba(181,198,208,1) 0%, rgba(245,92,92,1) 0%, rgba(252,171,90,1) 100%);||background: -o-linear-gradient(left, rgba(181,198,208,1) 0%, rgba(245,92,92,1) 0%, rgba(252,171,90,1) 100%);||background: -ms-linear-gradient(left, rgba(181,198,208,1) 0%, rgba(245,92,92,1) 0%, rgba(252,171,90,1) 100%);||background: linear-gradient(to right, rgba(181,198,208,1) 0%, rgba(245,92,92,1) 0%, rgba(252,171,90,1) 100%);||filter: progid:DXImageTransform.Microsoft.gradient( startColorstr='#b5c6d0', endColorstr='#fcab5a', GradientType=1 );\" transparent_background=\"off\" make_fullwidth=\"off\" use_custom_width=\"off\" width_unit=\"on\"][et_pb_row admin_label=\"\u0158\u00e1dek\" _builder_version=\"3.25\" background_size=\"initial\" background_position=\"top_left\" background_repeat=\"repeat\"][et_pb_column type=\"4_4\" _builder_version=\"3.25\" custom_padding=\"|||\" custom_padding__hover=\"|||\"][\/et_pb_column][\/et_pb_row][\/et_pb_section][et_pb_section fb_built=\"1\" admin_label=\"Section #2 - Practice Areas\" _builder_version=\"3.22\" custom_padding=\"10%|||\" custom_padding_tablet=\"10%|||\" transparent_background=\"off\" padding_mobile=\"on\" make_fullwidth=\"off\" use_custom_width=\"off\" width_unit=\"on\" collapsed=\"off\"][et_pb_row column_structure=\"1_2,1_2\" padding_mobile=\"off\" column_padding_mobile=\"on\" custom_padding_last_edited=\"on|tablet\" admin_label=\"row\" _builder_version=\"3.25\" background_size=\"initial\" background_position=\"top_left\" background_repeat=\"repeat\" custom_padding_tablet=\"0px||0px|\" custom_padding_phone=\"\" make_fullwidth=\"off\" use_custom_width=\"off\" width_unit=\"on\"][et_pb_column type=\"1_2\" _builder_version=\"3.25\" custom_padding=\"|||\" custom_padding__hover=\"|||\"][et_pb_text admin_label=\"GALLERY Welcome to SHAYNA ROSE Office Gynecology! Visit image gallery of our gynecology offices!\" _builder_version=\"3.27.4\" header_font=\"Open Sans|on|||\" header_font_size=\"50\" background_size=\"initial\" background_position=\"top_left\" background_repeat=\"repeat\" text_orientation=\"right\" custom_padding=\"10px|||\" custom_padding_tablet=\"5px|||\" custom_padding_phone=\"\" custom_padding_last_edited=\"on|desktop\" header_font_size_tablet=\"\" header_font_size_phone=\"32\" header_font_size_last_edited=\"on|phone\" use_border_color=\"off\" border_color=\"#ffffff\" border_style=\"solid\"]<h1>GALLERY<\/h1>\r\n<h5><span style=\"color: #fa705c;\">Welcome to SHAYNA ROSE Office Gynecology! <\/span><\/h5>\r\n<h5><span style=\"color: #fa705c;\">Visit image gallery of our gynecology offices!<\/span><\/h5>\r\n[\/et_pb_text][\/et_pb_column][et_pb_column type=\"1_2\" _builder_version=\"3.25\" custom_padding=\"|||\" custom_padding__hover=\"|||\"][et_pb_image src=\"http:\/\/gynecologyprague.cz\/wp-content\/uploads\/2017\/02\/ordinace-shayna_2.jpg\" align=\"center\" align_tablet=\"center\" align_phone=\"\" align_last_edited=\"on|desktop\" disabled_on=\"on|on|\" admin_label=\"Image For Desktop\" _builder_version=\"3.23\" custom_margin=\"-257px|||\" custom_margin_tablet=\"0px|||\" custom_margin_phone=\"\" custom_margin_last_edited=\"on|phone\" animation_style=\"slide\" animation_direction=\"right\" animation_duration=\"500ms\" animation_intensity_slide=\"10%\" custom_css_main_element=\"width: 125%;||z-index: 0;||position: relative;\" use_border_color=\"off\" border_color=\"#ffffff\" border_style=\"solid\" animation=\"right\" sticky=\"off\" always_center_on_mobile=\"on\"][\/et_pb_image][et_pb_image src=\"http:\/\/gynecologyprague.cz\/wp-content\/uploads\/2017\/02\/ordinace-shayna_2.jpg\" align=\"center\" align_tablet=\"center\" align_phone=\"\" align_last_edited=\"on|desktop\" disabled_on=\"||on\" admin_label=\"Image For Mobile\" _builder_version=\"3.23\" custom_margin_tablet=\"0px|||\" custom_margin_last_edited=\"off|desktop\" animation_style=\"slide\" animation_direction=\"right\" animation_duration=\"500ms\" animation_intensity_slide=\"10%\" use_border_color=\"off\" border_color=\"#ffffff\" border_style=\"solid\" animation=\"right\" sticky=\"off\" always_center_on_mobile=\"on\"][\/et_pb_image][\/et_pb_column][\/et_pb_row][et_pb_row admin_label=\"\u0158\u00e1dek\" _builder_version=\"3.25\" background_size=\"initial\" background_position=\"top_left\" background_repeat=\"repeat\"][et_pb_column type=\"4_4\" _builder_version=\"3.25\" custom_padding=\"|||\" custom_padding__hover=\"|||\"][et_pb_gallery gallery_ids=\"118028,118032,118034,118374,118375,118376,118377,118378,118379,118380,118381,118382,118383,118384,118385,118386,118387,118388,118389,118390,118391,118392,118393,118394,118395,118396\" posts_number=\"30\" db_image_object_fit=\"contain\" show_title_and_caption=\"off\" admin_label=\"Galerie\" _builder_version=\"4.0.6\" hover_enabled=\"0\" use_border_color=\"off\" border_color=\"#ffffff\" border_style=\"solid\"][\/et_pb_gallery][et_pb_button button_url=\"\/contact\" button_text=\"contact us\" button_alignment=\"center\" admin_label=\"Tla\u010d\u00edtko\" _builder_version=\"3.16\" custom_button=\"on\" button_text_color=\"#ffffff\" button_bg_color=\"#f55c5c\" button_border_width=\"0\" button_border_color=\"#f55c5c\" button_border_radius=\"0\" background_layout=\"dark\" button_text_color_hover=\"#ffffff\" button_border_color_hover=\"#fcab5a\" button_border_radius_hover=\"0\" button_letter_spacing_hover=\"0\" button_bg_color_hover=\"#fcab5a\" saved_tabs=\"all\" button_text_size__hover_enabled=\"off\" button_one_text_size__hover_enabled=\"off\" button_two_text_size__hover_enabled=\"off\" button_text_color__hover_enabled=\"on\" button_text_color__hover=\"#ffffff\" button_one_text_color__hover_enabled=\"off\" button_two_text_color__hover_enabled=\"off\" button_border_width__hover_enabled=\"off\" button_one_border_width__hover_enabled=\"off\" button_two_border_width__hover_enabled=\"off\" button_border_color__hover_enabled=\"on\" button_border_color__hover=\"#fcab5a\" button_one_border_color__hover_enabled=\"off\" button_two_border_color__hover_enabled=\"off\" button_border_radius__hover_enabled=\"on\" button_border_radius__hover=\"0\" button_one_border_radius__hover_enabled=\"off\" button_two_border_radius__hover_enabled=\"off\" button_letter_spacing__hover_enabled=\"on\" button_letter_spacing__hover=\"0\" button_one_letter_spacing__hover_enabled=\"off\" button_two_letter_spacing__hover_enabled=\"off\" button_bg_color__hover_enabled=\"on\" button_bg_color__hover=\"#fcab5a\" button_one_bg_color__hover_enabled=\"off\" button_two_bg_color__hover_enabled=\"off\"][\/et_pb_button][\/et_pb_column][\/et_pb_row][\/et_pb_section]","_et_gb_content_width":""},"_links":{"self":[{"href":"https:\/\/gynecologyprague.cz\/cs\/wp-json\/wp\/v2\/pages\/118562"}],"collection":[{"href":"https:\/\/gynecologyprague.cz\/cs\/wp-json\/wp\/v2\/pages"}],"about":[{"href":"https:\/\/gynecologyprague.cz\/cs\/wp-json\/wp\/v2\/types\/page"}],"author":[{"embeddable":true,"href":"https:\/\/gynecologyprague.cz\/cs\/wp-json\/wp\/v2\/users\/9"}],"replies":[{"embeddable":true,"href":"https:\/\/gynecologyprague.cz\/cs\/wp-json\/wp\/v2\/comments?post=118562"}],"version-history":[{"count":5,"href":"https:\/\/gynecologyprague.cz\/cs\/wp-json\/wp\/v2\/pages\/118562\/revisions"}],"predecessor-version":[{"id":118619,"href":"https:\/\/gynecologyprague.cz\/cs\/wp-json\/wp\/v2\/pages\/118562\/revisions\/118619"}],"wp:attachment":[{"href":"https:\/\/gynecologyprague.cz\/cs\/wp-json\/wp\/v2\/media?parent=118562"}],"curies":[{"name":"wp","href":"https:\/\/api.w.org\/{rel}","templated":true}]}}