{"id":118561,"date":"2020-10-23T11:06:08","date_gmt":"2020-10-23T09:06:08","guid":{"rendered":"https:\/\/gynecologyprague.cz\/?page_id=118561"},"modified":"2020-10-30T13:35:14","modified_gmt":"2020-10-30T12:35:14","slug":"o-nas","status":"publish","type":"page","link":"https:\/\/gynecologyprague.cz\/cs\/o-nas\/","title":{"rendered":"O N\u00c1S"},"content":{"rendered":"<p>[et_pb_section fb_built=&#8220;1&#8243; admin_label=&#8220;Sekce&#8220; _builder_version=&#8220;3.22&#8243; custom_css_main_element=&#8220;background: rgba(181,198,208,1);||background: -moz-linear-gradient(left, rgba(181,198,208,1) 0%, rgba(245,92,92,1) 0%, rgba(252,171,90,1) 100%);||background: -webkit-gradient(left top, right top, color-stop(0%, rgba(181,198,208,1)), color-stop(0%, rgba(245,92,92,1)), color-stop(100%, rgba(252,171,90,1)));||background: -webkit-linear-gradient(left, rgba(181,198,208,1) 0%, rgba(245,92,92,1) 0%, rgba(252,171,90,1) 100%);||background: -o-linear-gradient(left, rgba(181,198,208,1) 0%, rgba(245,92,92,1) 0%, rgba(252,171,90,1) 100%);||background: -ms-linear-gradient(left, rgba(181,198,208,1) 0%, rgba(245,92,92,1) 0%, rgba(252,171,90,1) 100%);||background: linear-gradient(to right, rgba(181,198,208,1) 0%, rgba(245,92,92,1) 0%, rgba(252,171,90,1) 100%);||filter: progid:DXImageTransform.Microsoft.gradient( startColorstr=&#8217;#b5c6d0&#8242;, endColorstr=&#8217;#fcab5a&#8216;, GradientType=1 );&#8220; transparent_background=&#8220;off&#8220; make_fullwidth=&#8220;off&#8220; use_custom_width=&#8220;off&#8220; width_unit=&#8220;on&#8220;][et_pb_row admin_label=&#8220;\u0158\u00e1dek&#8220; _builder_version=&#8220;3.25&#8243; background_size=&#8220;initial&#8220; background_position=&#8220;top_left&#8220; background_repeat=&#8220;repeat&#8220;][et_pb_column type=&#8220;4_4&#8243; _builder_version=&#8220;3.25&#8243; custom_padding=&#8220;|||&#8220; custom_padding__hover=&#8220;|||&#8220;][\/et_pb_column][\/et_pb_row][\/et_pb_section][et_pb_section fb_built=&#8220;1&#8243; admin_label=&#8220;Section #2 &#8211; Practice Areas&#8220; _builder_version=&#8220;3.22&#8243; custom_padding=&#8220;10%|||&#8220; custom_padding_tablet=&#8220;10%|||&#8220; transparent_background=&#8220;off&#8220; padding_mobile=&#8220;on&#8220; make_fullwidth=&#8220;off&#8220; use_custom_width=&#8220;off&#8220; width_unit=&#8220;on&#8220; collapsed=&#8220;off&#8220;][et_pb_row column_structure=&#8220;1_2,1_2&#8243; padding_mobile=&#8220;off&#8220; column_padding_mobile=&#8220;on&#8220; custom_padding_last_edited=&#8220;on|tablet&#8220; admin_label=&#8220;row&#8220; _builder_version=&#8220;3.25&#8243; background_size=&#8220;initial&#8220; background_position=&#8220;top_left&#8220; background_repeat=&#8220;repeat&#8220; custom_padding_tablet=&#8220;0px||0px|&#8220; custom_padding_phone=&#8220;&#8220; make_fullwidth=&#8220;off&#8220; use_custom_width=&#8220;off&#8220; width_unit=&#8220;on&#8220;][et_pb_column type=&#8220;1_2&#8243; _builder_version=&#8220;3.25&#8243; custom_padding=&#8220;|||&#8220; custom_padding__hover=&#8220;|||&#8220;][et_pb_text admin_label=&#8220;GALLERY Welcome to SHAYNA ROSE Office Gynecology! Visit image gallery of our gynecology offices!&#8220; _builder_version=&#8220;4.6.6&#8243; header_font=&#8220;Open Sans|on|||&#8220; header_font_size=&#8220;50&#8243; background_size=&#8220;initial&#8220; background_position=&#8220;top_left&#8220; background_repeat=&#8220;repeat&#8220; text_orientation=&#8220;right&#8220; custom_padding=&#8220;10px|||&#8220; custom_padding_tablet=&#8220;5px|||&#8220; custom_padding_phone=&#8220;&#8220; custom_padding_last_edited=&#8220;on|desktop&#8220; hover_enabled=&#8220;0&#8243; header_font_size_tablet=&#8220;&#8220; header_font_size_phone=&#8220;32&#8243; header_font_size_last_edited=&#8220;on|phone&#8220; use_border_color=&#8220;off&#8220; border_color=&#8220;#ffffff&#8220; border_style=&#8220;solid&#8220; sticky_enabled=&#8220;0&#8243;]<\/p>\n<h1>O n\u00e1s<\/h1>\n<h5 style=\"text-align: center;\"><span style=\"color: #fa705c;\">Dr. Fara Mc Bride, MD, GP, DBA<br \/> Gyn.\/Obs. Specialist<\/span><\/h5>\n<h5 style=\"text-align: center;\"><span style=\"color: #fa705c;\">V\u00edtejte v SHAYNA ROSE Gynekologie \u2013 porodnictv\u00ed!<\/span><\/h5>\n<p>[\/et_pb_text][\/et_pb_column][et_pb_column type=&#8220;1_2&#8243; _builder_version=&#8220;3.25&#8243; custom_padding=&#8220;|||&#8220; custom_padding__hover=&#8220;|||&#8220;][et_pb_image src=&#8220;http:\/\/gynecologyprague.cz\/wp-content\/uploads\/2017\/02\/ordinace-shayna_9.jpg&#8220; align=&#8220;center&#8220; align_tablet=&#8220;center&#8220; align_phone=&#8220;&#8220; align_last_edited=&#8220;on|desktop&#8220; disabled_on=&#8220;on|on|&#8220; admin_label=&#8220;Image For Desktop&#8220; _builder_version=&#8220;3.23&#8243; custom_margin=&#8220;-257px|||&#8220; custom_margin_tablet=&#8220;0px|||&#8220; custom_margin_phone=&#8220;&#8220; custom_margin_last_edited=&#8220;on|phone&#8220; animation_style=&#8220;slide&#8220; animation_direction=&#8220;right&#8220; animation_duration=&#8220;500ms&#8220; animation_intensity_slide=&#8220;10%&#8220; custom_css_main_element=&#8220;width: 125%;||z-index: 0;||position: relative;&#8220; use_border_color=&#8220;off&#8220; border_color=&#8220;#ffffff&#8220; border_style=&#8220;solid&#8220; animation=&#8220;right&#8220; sticky=&#8220;off&#8220; always_center_on_mobile=&#8220;on&#8220;][\/et_pb_image][et_pb_image src=&#8220;http:\/\/gynecologyprague.cz\/wp-content\/uploads\/2017\/02\/ordinace-shayna_9.jpg&#8220; align=&#8220;center&#8220; align_tablet=&#8220;center&#8220; align_phone=&#8220;&#8220; align_last_edited=&#8220;on|desktop&#8220; disabled_on=&#8220;||on&#8220; admin_label=&#8220;Image For Mobile&#8220; _builder_version=&#8220;3.23&#8243; custom_margin_tablet=&#8220;0px|||&#8220; custom_margin_last_edited=&#8220;off|desktop&#8220; animation_style=&#8220;slide&#8220; animation_direction=&#8220;right&#8220; animation_duration=&#8220;500ms&#8220; animation_intensity_slide=&#8220;10%&#8220; use_border_color=&#8220;off&#8220; border_color=&#8220;#ffffff&#8220; border_style=&#8220;solid&#8220; animation=&#8220;right&#8220; sticky=&#8220;off&#8220; always_center_on_mobile=&#8220;on&#8220;][\/et_pb_image][\/et_pb_column][\/et_pb_row][et_pb_row column_structure=&#8220;2_3,1_3&#8243; admin_label=&#8220;\u0158\u00e1dek&#8220; _builder_version=&#8220;3.25&#8243; background_size=&#8220;initial&#8220; background_position=&#8220;top_left&#8220; background_repeat=&#8220;repeat&#8220;][et_pb_column type=&#8220;2_3&#8243; _builder_version=&#8220;3.25&#8243; custom_padding=&#8220;|||&#8220; custom_padding__hover=&#8220;|||&#8220;][et_pb_text _builder_version=&#8220;4.6.6&#8243; background_size=&#8220;initial&#8220; background_position=&#8220;top_left&#8220; background_repeat=&#8220;repeat&#8220; use_border_color=&#8220;off&#8220; border_color=&#8220;#ffffff&#8220; border_style=&#8220;solid&#8220;]<\/p>\n<h3>GYNECOLOGY ORDINATION<\/h3>\n<p style=\"text-align: justify;\"><span style=\"color: #804b1b;\"><strong>SHAYNA ROSE je soukrom\u00e1 pra\u017esk\u00e1 gynekologicko-porodnick\u00e1 ordinace zalo\u017een\u00e1 v roce 2010, kter\u00e1 nab\u00edz\u00ed sv\u00e9 odborn\u00e9 slu\u017eby ji\u017e od dubna 2010. Jej\u00edm spoluzakladatelem\/jednatatelem je MUDr. Fara Mc Bride <\/strong><\/span><\/p>\n<p style=\"text-align: justify;\"><span style=\"color: #804b1b;\"><strong>Ordinace Shayna Rose s.r.o. poskytuje mimo jin\u00e9 komplexn\u00ed gynekologick\u00e9 vy\u0161et\u0159en\u00ed, zahrnuj\u00edc\u00ed preventivn\u00ed gynekologick\u00e9 prohl\u00eddky, antikoncep\u010dn\u00ed a sexuologick\u00e9 poradenstv\u00ed, p\u00e9\u010di o t\u011bhotn\u00e9 a drobnou gynekologickou operativu. D\u016fraz klademe na kvalitu poskytovan\u00e9 p\u00e9\u010de, a to jak po str\u00e1nce odborn\u00e9 \u2013 s vyu\u017eit\u00edm modern\u00edho p\u0159\u00edstrojov\u00e9ho vybaven\u00ed, tak po str\u00e1nce organiza\u010dn\u00ed \u2013 na\u0161\u00ed cti\u017e\u00e1dost\u00ed je nab\u00eddnout vysoce kvalifikovanou p\u00e9\u010di v p\u0159\u00edjemn\u00e9m prost\u0159ed\u00ed a bez zbyte\u010dn\u00e9ho \u010dek\u00e1n\u00ed.<\/strong><\/span><\/p>\n<p>[\/et_pb_text][\/et_pb_column][et_pb_column type=&#8220;1_3&#8243; _builder_version=&#8220;3.25&#8243; custom_padding=&#8220;|||&#8220; custom_padding__hover=&#8220;|||&#8220;][et_pb_divider show_divider=&#8220;off&#8220; disabled_on=&#8220;on|on|&#8220; admin_label=&#8220;Odd\u011blova\u010d&#8220; _builder_version=&#8220;3.23.4&#8243; height=&#8220;50px&#8220; hide_on_mobile=&#8220;on&#8220;][\/et_pb_divider][et_pb_button button_url=&#8220;https:\/\/gynecologyprague.cz\/cs\/kontakty\/&#8220; button_text=&#8220;Kontaktujte n\u00e1s&#8220; button_alignment=&#8220;center&#8220; admin_label=&#8220;Tla\u010d\u00edtko&#8220; _builder_version=&#8220;4.6.6&#8243; custom_button=&#8220;on&#8220; button_text_color=&#8220;#ffffff&#8220; button_bg_color=&#8220;#f55c5c&#8220; button_border_width=&#8220;0&#8243; button_border_color=&#8220;#f55c5c&#8220; button_border_radius=&#8220;0&#8243; background_layout=&#8220;dark&#8220; button_text_color_hover=&#8220;#ffffff&#8220; button_border_color_hover=&#8220;#fcab5a&#8220; button_border_radius_hover=&#8220;0&#8243; button_letter_spacing_hover=&#8220;0&#8243; button_bg_color_hover=&#8220;#fcab5a&#8220; saved_tabs=&#8220;all&#8220; button_text_size__hover_enabled=&#8220;off&#8220; button_one_text_size__hover_enabled=&#8220;off&#8220; button_two_text_size__hover_enabled=&#8220;off&#8220; button_text_color__hover_enabled=&#8220;on&#8220; button_text_color__hover=&#8220;#ffffff&#8220; button_one_text_color__hover_enabled=&#8220;off&#8220; button_two_text_color__hover_enabled=&#8220;off&#8220; button_border_width__hover_enabled=&#8220;off&#8220; button_one_border_width__hover_enabled=&#8220;off&#8220; button_two_border_width__hover_enabled=&#8220;off&#8220; button_border_color__hover_enabled=&#8220;on&#8220; button_border_color__hover=&#8220;#fcab5a&#8220; button_one_border_color__hover_enabled=&#8220;off&#8220; button_two_border_color__hover_enabled=&#8220;off&#8220; button_border_radius__hover_enabled=&#8220;on&#8220; button_border_radius__hover=&#8220;0&#8243; button_one_border_radius__hover_enabled=&#8220;off&#8220; button_two_border_radius__hover_enabled=&#8220;off&#8220; button_letter_spacing__hover_enabled=&#8220;on&#8220; button_letter_spacing__hover=&#8220;0&#8243; button_one_letter_spacing__hover_enabled=&#8220;off&#8220; button_two_letter_spacing__hover_enabled=&#8220;off&#8220; button_bg_color__hover_enabled=&#8220;on&#8220; button_bg_color__hover=&#8220;#fcab5a&#8220; button_one_bg_color__hover_enabled=&#8220;off&#8220; button_two_bg_color__hover_enabled=&#8220;off&#8220;][\/et_pb_button][\/et_pb_column][\/et_pb_row][\/et_pb_section]<\/p>\n","protected":false},"excerpt":{"rendered":"<p>[et_pb_section fb_built=&#8220;1&#8243; admin_label=&#8220;Sekce&#8220; _builder_version=&#8220;3.22&#8243; custom_css_main_element=&#8220;background: rgba(181,198,208,1);||background: -moz-linear-gradient(left, rgba(181,198,208,1) 0%, rgba(245,92,92,1) 0%, rgba(252,171,90,1) 100%);||background: -webkit-gradient(left top, right top, color-stop(0%, rgba(181,198,208,1)), color-stop(0%, rgba(245,92,92,1)), color-stop(100%, rgba(252,171,90,1)));||background: -webkit-linear-gradient(left, rgba(181,198,208,1) 0%, rgba(245,92,92,1) 0%, rgba(252,171,90,1) 100%);||background: -o-linear-gradient(left, rgba(181,198,208,1) 0%, rgba(245,92,92,1) 0%, rgba(252,171,90,1) 100%);||background: -ms-linear-gradient(left, rgba(181,198,208,1) 0%, rgba(245,92,92,1) 0%, rgba(252,171,90,1) 100%);||background: linear-gradient(to right, rgba(181,198,208,1) 0%, rgba(245,92,92,1) 0%, rgba(252,171,90,1) 100%);||filter: progid:DXImageTransform.Microsoft.gradient( startColorstr=&#8217;#b5c6d0&#8242;, endColorstr=&#8217;#fcab5a&#8216;, [&hellip;]<\/p>\n","protected":false},"author":9,"featured_media":0,"parent":0,"menu_order":0,"comment_status":"closed","ping_status":"closed","template":"","meta":{"_et_pb_use_builder":"on","_et_pb_old_content":"[et_pb_section admin_label=\"Sekce\" fullwidth=\"off\" specialty=\"off\" transparent_background=\"off\" allow_player_pause=\"off\" inner_shadow=\"off\" parallax=\"off\" parallax_method=\"off\" make_fullwidth=\"off\" use_custom_width=\"off\" width_unit=\"on\" make_equal=\"off\" use_custom_gutter=\"off\" custom_css_main_element=\"background: rgba(181,198,208,1);||background: -moz-linear-gradient(left, rgba(181,198,208,1) 0%, rgba(245,92,92,1) 0%, rgba(252,171,90,1) 100%);||background: -webkit-gradient(left top, right top, color-stop(0%, rgba(181,198,208,1)), color-stop(0%, rgba(245,92,92,1)), color-stop(100%, rgba(252,171,90,1)));||background: -webkit-linear-gradient(left, rgba(181,198,208,1) 0%, rgba(245,92,92,1) 0%, rgba(252,171,90,1) 100%);||background: -o-linear-gradient(left, rgba(181,198,208,1) 0%, rgba(245,92,92,1) 0%, rgba(252,171,90,1) 100%);||background: -ms-linear-gradient(left, rgba(181,198,208,1) 0%, rgba(245,92,92,1) 0%, rgba(252,171,90,1) 100%);||background: linear-gradient(to right, rgba(181,198,208,1) 0%, rgba(245,92,92,1) 0%, rgba(252,171,90,1) 100%);||filter: progid:DXImageTransform.Microsoft.gradient( startColorstr='#b5c6d0', endColorstr='#fcab5a', GradientType=1 );\"][et_pb_row admin_label=\"\u0158\u00e1dek\"][et_pb_column type=\"4_4\"][\/et_pb_column][\/et_pb_row][\/et_pb_section][et_pb_section admin_label=\"Section #2 - Practice Areas\" fullwidth=\"off\" specialty=\"off\" transparent_background=\"off\" allow_player_pause=\"off\" inner_shadow=\"off\" parallax=\"off\" parallax_method=\"off\" custom_padding=\"10%|||\" padding_mobile=\"on\" make_fullwidth=\"off\" use_custom_width=\"off\" width_unit=\"on\" make_equal=\"off\" use_custom_gutter=\"off\" collapsed=\"off\"][et_pb_row admin_label=\"row\" make_fullwidth=\"off\" use_custom_width=\"off\" width_unit=\"on\" use_custom_gutter=\"off\" custom_padding_tablet=\"0px||0px|\" custom_padding_last_edited=\"on|tablet\" padding_mobile=\"off\" allow_player_pause=\"off\" parallax=\"off\" parallax_method=\"off\" make_equal=\"off\" parallax_1=\"off\" parallax_method_1=\"off\" parallax_2=\"off\" parallax_method_2=\"off\" column_padding_mobile=\"on\"][et_pb_column type=\"1_2\"][et_pb_text admin_label=\"GALLERY Welcome to SHAYNA ROSE Office Gynecology! Visit image gallery of our gynecology offices!\" background_layout=\"light\" text_orientation=\"right\" header_font=\"Open Sans|on|||\" use_border_color=\"off\" border_color=\"#ffffff\" border_style=\"solid\" header_font_size=\"50\" custom_padding=\"10px|||\" custom_padding_tablet=\"5px|||\" custom_padding_last_edited=\"on|desktop\" header_font_size_phone=\"32\" header_font_size_last_edited=\"on|phone\"]\r\n<h1>ABOUT US<\/h1>\r\n<h5><span style=\"color: #fa705c;\">Dr. Fara Mc Bride, MD<\/span><\/h5>\r\n<h5><span style=\"color: #fa705c;\">Welcome to SHAYNA ROSE Office Gynecology! <\/span><\/h5>\r\n[\/et_pb_text][\/et_pb_column][et_pb_column type=\"1_2\"][et_pb_image admin_label=\"Image For Desktop\" src=\"http:\/\/gynecologyprague.cz\/wp-content\/uploads\/2017\/02\/ordinace-shayna_9.jpg\" show_in_lightbox=\"off\" url_new_window=\"off\" use_overlay=\"off\" animation=\"right\" sticky=\"off\" align=\"center\" force_fullwidth=\"off\" always_center_on_mobile=\"on\" use_border_color=\"off\" border_color=\"#ffffff\" border_style=\"solid\" custom_margin=\"-257px|||\" custom_css_main_element=\"width: 125%;||z-index: 0;||position: relative;\" custom_margin_tablet=\"0px|||\" custom_margin_last_edited=\"on|phone\" disabled=\"off\" disabled_on=\"on|on|\"] [\/et_pb_image][et_pb_image admin_label=\"Image For Mobile\" src=\"http:\/\/gynecologyprague.cz\/wp-content\/uploads\/2017\/02\/ordinace-shayna_9.jpg\" show_in_lightbox=\"off\" url_new_window=\"off\" use_overlay=\"off\" animation=\"right\" sticky=\"off\" align=\"center\" force_fullwidth=\"off\" always_center_on_mobile=\"on\" use_border_color=\"off\" border_color=\"#ffffff\" border_style=\"solid\" custom_margin_tablet=\"0px|||\" custom_margin_last_edited=\"off|desktop\" disabled=\"off\" disabled_on=\"||on\"] [\/et_pb_image][\/et_pb_column][\/et_pb_row][et_pb_row admin_label=\"\u0158\u00e1dek\"][et_pb_column type=\"2_3\"][et_pb_text admin_label=\"Text\" background_layout=\"light\" text_orientation=\"left\" use_border_color=\"off\" border_color=\"#ffffff\" border_style=\"solid\"]\r\n<h3>GYNECOLOGY ORDINATION<\/h3>\r\n<p style=\"text-align: justify;\"><span style=\"color: #804b1b;\"><strong>SHAYNA ROSE Office Gynecology offer high-standard gynecologic and pregnancy care to women aged 16 years and up. Our clinic located in the city center in Prague and Kladno. <\/strong><\/span><\/p>\r\n<p style=\"text-align: justify;\"><span style=\"color: #804b1b;\"><strong>We provide a wide range of services in a caring manner: annual exams, pap smears, breast exams, contraceptive (birth control) counseling and prescribing, menopause management, sexually transmitted disease testing and treatment, osteoporosis consultation and screening, well woman care, preventive care for women, healthy lifestyle counseling, and much more, as well as complete and full care of pregnant ladies and their wonderful baby in the uterine cavity!<\/strong><\/span><\/p>\r\n[\/et_pb_text][\/et_pb_column][et_pb_column type=\"1_3\"][et_pb_divider admin_label=\"Odd\u011blova\u010d\" color=\"#ffffff\" show_divider=\"off\" height=\"50\" disabled=\"off\" disabled_on=\"on|on|\" divider_style=\"solid\" divider_position=\"top\" hide_on_mobile=\"on\"] [\/et_pb_divider][et_pb_button admin_label=\"Tla\u010d\u00edtko\" button_url=\"\/contact\" url_new_window=\"off\" button_text=\"contact us\" button_alignment=\"center\" background_layout=\"dark\" custom_button=\"on\" button_text_color=\"#ffffff\" button_bg_color=\"#f55c5c\" button_border_color=\"#f55c5c\" button_letter_spacing=\"0\" button_use_icon=\"default\" button_icon_placement=\"right\" button_on_hover=\"on\" button_letter_spacing_hover=\"0\" saved_tabs=\"all\" button_border_width=\"0\" button_border_radius=\"0\" button_text_color_hover=\"#ffffff\" button_bg_color_hover=\"#fcab5a\" button_border_color_hover=\"#fcab5a\" button_border_radius_hover=\"0\"] [\/et_pb_button][\/et_pb_column][\/et_pb_row][\/et_pb_section]","_et_gb_content_width":""},"_links":{"self":[{"href":"https:\/\/gynecologyprague.cz\/cs\/wp-json\/wp\/v2\/pages\/118561"}],"collection":[{"href":"https:\/\/gynecologyprague.cz\/cs\/wp-json\/wp\/v2\/pages"}],"about":[{"href":"https:\/\/gynecologyprague.cz\/cs\/wp-json\/wp\/v2\/types\/page"}],"author":[{"embeddable":true,"href":"https:\/\/gynecologyprague.cz\/cs\/wp-json\/wp\/v2\/users\/9"}],"replies":[{"embeddable":true,"href":"https:\/\/gynecologyprague.cz\/cs\/wp-json\/wp\/v2\/comments?post=118561"}],"version-history":[{"count":5,"href":"https:\/\/gynecologyprague.cz\/cs\/wp-json\/wp\/v2\/pages\/118561\/revisions"}],"predecessor-version":[{"id":118680,"href":"https:\/\/gynecologyprague.cz\/cs\/wp-json\/wp\/v2\/pages\/118561\/revisions\/118680"}],"wp:attachment":[{"href":"https:\/\/gynecologyprague.cz\/cs\/wp-json\/wp\/v2\/media?parent=118561"}],"curies":[{"name":"wp","href":"https:\/\/api.w.org\/{rel}","templated":true}]}}