{"id":118560,"date":"2020-10-23T11:06:48","date_gmt":"2020-10-23T09:06:48","guid":{"rendered":"https:\/\/gynecologyprague.cz\/?page_id=118560"},"modified":"2020-10-23T12:02:58","modified_gmt":"2020-10-23T10:02:58","slug":"ordinacni-hodiny","status":"publish","type":"page","link":"https:\/\/gynecologyprague.cz\/cs\/ordinacni-hodiny\/","title":{"rendered":"ORDINA\u010cN\u00cd HODINY"},"content":{"rendered":"<p>[et_pb_section fb_built=&#8220;1&#8243; admin_label=&#8220;Sekce&#8220; _builder_version=&#8220;3.22&#8243; custom_css_main_element=&#8220;background: rgba(181,198,208,1);||background: -moz-linear-gradient(left, rgba(181,198,208,1) 0%, rgba(245,92,92,1) 0%, rgba(252,171,90,1) 100%);||background: -webkit-gradient(left top, right top, color-stop(0%, rgba(181,198,208,1)), color-stop(0%, rgba(245,92,92,1)), color-stop(100%, rgba(252,171,90,1)));||background: -webkit-linear-gradient(left, rgba(181,198,208,1) 0%, rgba(245,92,92,1) 0%, rgba(252,171,90,1) 100%);||background: -o-linear-gradient(left, rgba(181,198,208,1) 0%, rgba(245,92,92,1) 0%, rgba(252,171,90,1) 100%);||background: -ms-linear-gradient(left, rgba(181,198,208,1) 0%, rgba(245,92,92,1) 0%, rgba(252,171,90,1) 100%);||background: linear-gradient(to right, rgba(181,198,208,1) 0%, rgba(245,92,92,1) 0%, rgba(252,171,90,1) 100%);||filter: progid:DXImageTransform.Microsoft.gradient( startColorstr=&#8217;#b5c6d0&#8242;, endColorstr=&#8217;#fcab5a&#8216;, GradientType=1 );&#8220; transparent_background=&#8220;off&#8220; make_fullwidth=&#8220;off&#8220; use_custom_width=&#8220;off&#8220; width_unit=&#8220;on&#8220;][et_pb_row admin_label=&#8220;\u0158\u00e1dek&#8220; _builder_version=&#8220;3.25&#8243; background_size=&#8220;initial&#8220; background_position=&#8220;top_left&#8220; background_repeat=&#8220;repeat&#8220; column_structure=&#8220;1_4,1_2,1_4&#8243;][et_pb_column type=&#8220;1_4&#8243; _builder_version=&#8220;3.25&#8243; custom_padding=&#8220;|||&#8220; custom_padding__hover=&#8220;|||&#8220;][\/et_pb_column][et_pb_column type=&#8220;1_2&#8243; _builder_version=&#8220;3.25&#8243; custom_padding=&#8220;|||&#8220; custom_padding__hover=&#8220;|||&#8220;][\/et_pb_column][et_pb_column type=&#8220;1_4&#8243; _builder_version=&#8220;3.25&#8243; custom_padding=&#8220;|||&#8220; custom_padding__hover=&#8220;|||&#8220;][\/et_pb_column][\/et_pb_row][\/et_pb_section][et_pb_section fb_built=&#8220;1&#8243; admin_label=&#8220;Section #2 &#8211; Practice Areas&#8220; _builder_version=&#8220;3.22&#8243; custom_padding=&#8220;10%|||&#8220; custom_padding_tablet=&#8220;10%|||&#8220; transparent_background=&#8220;off&#8220; padding_mobile=&#8220;on&#8220; make_fullwidth=&#8220;off&#8220; use_custom_width=&#8220;off&#8220; width_unit=&#8220;on&#8220; collapsed=&#8220;off&#8220;][et_pb_row padding_mobile=&#8220;off&#8220; column_padding_mobile=&#8220;on&#8220; custom_padding_last_edited=&#8220;on|tablet&#8220; admin_label=&#8220;row&#8220; _builder_version=&#8220;3.25&#8243; background_size=&#8220;initial&#8220; background_position=&#8220;top_left&#8220; background_repeat=&#8220;repeat&#8220; custom_padding_tablet=&#8220;0px||0px|&#8220; custom_padding_phone=&#8220;&#8220; make_fullwidth=&#8220;off&#8220; use_custom_width=&#8220;off&#8220; width_unit=&#8220;on&#8220; column_structure=&#8220;1_2,1_2&#8243;][et_pb_column type=&#8220;1_2&#8243; _builder_version=&#8220;3.25&#8243; custom_padding=&#8220;|||&#8220; custom_padding__hover=&#8220;|||&#8220;][et_pb_text admin_label=&#8220;<\/p>\n<h1>OFFICE HOURS<\/h1>\n<h5>LOur practice of office gynecology provides many services for health care maintenance for women at all stages of life, aged 16 and up.&#8220; _builder_version=&#8220;4.6.6&#8243; header_font=&#8220;Open Sans|on|||&#8220; header_font_size=&#8220;50&#8243; background_size=&#8220;initial&#8220; background_position=&#8220;top_left&#8220; background_repeat=&#8220;repeat&#8220; text_orientation=&#8220;right&#8220; custom_margin=&#8220;-80px|||&#8220; custom_margin_tablet=&#8220;0px|||&#8220; custom_margin_phone=&#8220;&#8220; custom_margin_last_edited=&#8220;on|phone&#8220; custom_padding=&#8220;10px|||&#8220; custom_padding_tablet=&#8220;5px|||&#8220; custom_padding_phone=&#8220;&#8220; custom_padding_last_edited=&#8220;on|desktop&#8220; hover_enabled=&#8220;0&#8243; header_font_size_tablet=&#8220;&#8220; header_font_size_phone=&#8220;32&#8243; header_font_size_last_edited=&#8220;on|desktop&#8220; use_border_color=&#8220;off&#8220; border_color=&#8220;#ffffff&#8220; border_style=&#8220;solid&#8220; sticky_enabled=&#8220;0&#8243;]<\/p>\n<h1>Ordina\u010dn\u00ed hodiny<\/h1>\n<h5><\/h5>\n<p>[\/et_pb_text][et_pb_button button_url=&#8220;\/cs\/kontakty\/&#8220; button_text=&#8220;Kontaktujte n\u00e1s&#8220; button_alignment=&#8220;right&#8220; admin_label=&#8220;Tla\u010d\u00edtko&#8220; _builder_version=&#8220;4.6.6&#8243; custom_button=&#8220;on&#8220; button_text_color=&#8220;#ffffff&#8220; button_bg_color=&#8220;#f55c5c&#8220; button_border_width=&#8220;0&#8243; button_border_color=&#8220;#f55c5c&#8220; button_border_radius=&#8220;0&#8243; background_layout=&#8220;dark&#8220; hover_enabled=&#8220;0&#8243; button_text_color_hover=&#8220;#ffffff&#8220; button_border_color_hover=&#8220;#fcab5a&#8220; button_border_radius_hover=&#8220;0&#8243; button_letter_spacing_hover=&#8220;0&#8243; button_bg_color_hover=&#8220;#fcab5a&#8220; saved_tabs=&#8220;all&#8220; button_text_size__hover_enabled=&#8220;off&#8220; button_one_text_size__hover_enabled=&#8220;off&#8220; button_two_text_size__hover_enabled=&#8220;off&#8220; button_text_color__hover_enabled=&#8220;on&#8220; button_text_color__hover=&#8220;#ffffff&#8220; button_one_text_color__hover_enabled=&#8220;off&#8220; button_two_text_color__hover_enabled=&#8220;off&#8220; button_border_width__hover_enabled=&#8220;off&#8220; button_one_border_width__hover_enabled=&#8220;off&#8220; button_two_border_width__hover_enabled=&#8220;off&#8220; button_border_color__hover_enabled=&#8220;on&#8220; button_border_color__hover=&#8220;#fcab5a&#8220; button_one_border_color__hover_enabled=&#8220;off&#8220; button_two_border_color__hover_enabled=&#8220;off&#8220; button_border_radius__hover_enabled=&#8220;on&#8220; button_border_radius__hover=&#8220;0&#8243; button_one_border_radius__hover_enabled=&#8220;off&#8220; button_two_border_radius__hover_enabled=&#8220;off&#8220; button_letter_spacing__hover_enabled=&#8220;on&#8220; button_letter_spacing__hover=&#8220;0&#8243; button_one_letter_spacing__hover_enabled=&#8220;off&#8220; button_two_letter_spacing__hover_enabled=&#8220;off&#8220; button_bg_color__hover_enabled=&#8220;on&#8220; button_bg_color__hover=&#8220;#fcab5a&#8220; button_one_bg_color__hover_enabled=&#8220;off&#8220; button_two_bg_color__hover_enabled=&#8220;off&#8220; sticky_enabled=&#8220;0&#8243;][\/et_pb_button][\/et_pb_column][et_pb_column type=&#8220;1_2&#8243; _builder_version=&#8220;3.25&#8243; custom_padding=&#8220;|||&#8220; custom_padding__hover=&#8220;|||&#8220;][et_pb_text disabled_on=&#8220;on|on|&#8220; admin_label=&#8220;OFFICE HOURS FOR DESKTOP&#8220; _builder_version=&#8220;4.6.6&#8243; background_color=&#8220;#ffffff&#8220; background_size=&#8220;initial&#8220; background_position=&#8220;top_left&#8220; background_repeat=&#8220;repeat&#8220; custom_margin=&#8220;-257px|||&#8220; custom_margin_tablet=&#8220;0px|||&#8220; custom_margin_phone=&#8220;&#8220; custom_margin_last_edited=&#8220;on|phone&#8220; hover_enabled=&#8220;0&#8243; custom_css_main_element=&#8220;border: 1px dotted #d0b08b!impotant;&#8220; use_border_color=&#8220;off&#8220; border_color=&#8220;#ffffff&#8220; border_style=&#8220;solid&#8220; sticky_enabled=&#8220;0&#8243;]<\/p>\n<table>\n<tbody>\n<tr>\n<td>Pond\u011bl\u00ed<\/td>\n<td style=\"text-align: right;\">13:00 &#8211; 14:00<\/td>\n<\/tr>\n<tr>\n<td>\u00dater\u00fd<\/td>\n<td style=\"text-align: right;\">12:00 &#8211; 14:00<\/td>\n<\/tr>\n<tr>\n<td>St\u0159eda<\/td>\n<td style=\"text-align: right;\">13:00 &#8211; 14:00<\/td>\n<\/tr>\n<tr>\n<td>\u010ctvrtek<\/td>\n<td style=\"text-align: right;\">12:00 &#8211; 15:00<\/td>\n<\/tr>\n<tr>\n<td>P\u00e1tek<\/td>\n<td style=\"text-align: right;\">only acute cases<\/td>\n<\/tr>\n<tr>\n<td>Sobota<\/td>\n<td style=\"text-align: right;\">\u00a014:00 &#8211; 20:00<\/td>\n<\/tr>\n<\/tbody>\n<\/table>\n<p>[\/et_pb_text][et_pb_text disabled_on=&#8220;off|off|on&#8220; admin_label=&#8220;OFFICE HOURS FOR MOBILE&#8220; _builder_version=&#8220;4.6.6&#8243; background_color=&#8220;#ffffff&#8220; background_size=&#8220;initial&#8220; background_position=&#8220;top_left&#8220; background_repeat=&#8220;repeat&#8220; custom_margin_tablet=&#8220;0px|||&#8220; custom_margin_phone=&#8220;&#8220; custom_margin_last_edited=&#8220;on|tablet&#8220; hover_enabled=&#8220;0&#8243; custom_css_main_element=&#8220;border: 1px dotted #d0b08b!impotant;&#8220; use_border_color=&#8220;off&#8220; border_color=&#8220;#ffffff&#8220; border_style=&#8220;solid&#8220; sticky_enabled=&#8220;0&#8243;]<\/p>\n<table>\n<tbody>\n<tr>\n<td>Pond\u011bl\u00ed<\/td>\n<td style=\"text-align: right;\">13:00 &#8211; 14:00<\/td>\n<\/tr>\n<tr>\n<td>\u00dater\u00fd<\/td>\n<td style=\"text-align: right;\">12:00 &#8211; 14:00<\/td>\n<\/tr>\n<tr>\n<td>St\u0159eda<\/td>\n<td style=\"text-align: right;\">13:00 &#8211; 14:00<\/td>\n<\/tr>\n<tr>\n<td>\u010ctvrtek<\/td>\n<td style=\"text-align: right;\">12:00 &#8211; 15:00<\/td>\n<\/tr>\n<tr>\n<td>P\u00e1tek<\/td>\n<td style=\"text-align: right;\">only acute cases<\/td>\n<\/tr>\n<tr>\n<td>Sobota<\/td>\n<td style=\"text-align: right;\">&nbsp;14:00 &#8211; 20:00<\/td>\n<\/tr>\n<\/tbody>\n<\/table>\n<p>[\/et_pb_text][et_pb_divider show_divider=&#8220;off&#8220; disabled_on=&#8220;on|on|off&#8220; admin_label=&#8220;Odd\u011blova\u010d&#8220; _builder_version=&#8220;3.23.4&#8243; height=&#8220;10px&#8220; hide_on_mobile=&#8220;on&#8220;][\/et_pb_divider][et_pb_image src=&#8220;http:\/\/gynecologyprague.cz\/wp-content\/uploads\/2017\/01\/AdobeStock_42389367-1.jpeg&#8220; align_tablet=&#8220;center&#8220; align_last_edited=&#8220;on|desktop&#8220; disabled_on=&#8220;on|on|&#8220; admin_label=&#8220;Image For Desktop&#8220; _builder_version=&#8220;3.23&#8243; max_width=&#8220;500px&#8220; custom_margin_tablet=&#8220;&#8220; custom_margin_phone=&#8220;&#8220; custom_margin_last_edited=&#8220;on|phone&#8220; animation_style=&#8220;slide&#8220; animation_direction=&#8220;right&#8220; animation_duration=&#8220;500ms&#8220; animation_intensity_slide=&#8220;10%&#8220; custom_css_main_element=&#8220;width: 125%;||z-index: 0;||position: relative;&#8220; use_border_color=&#8220;off&#8220; border_color=&#8220;#ffffff&#8220; border_style=&#8220;solid&#8220; animation=&#8220;right&#8220; sticky=&#8220;off&#8220; always_center_on_mobile=&#8220;on&#8220;][\/et_pb_image][et_pb_image src=&#8220;http:\/\/gynecologyprague.cz\/wp-content\/uploads\/2017\/01\/AdobeStock_42389367-1.jpeg&#8220; align=&#8220;center&#8220; align_tablet=&#8220;center&#8220; align_last_edited=&#8220;on|desktop&#8220; disabled_on=&#8220;||on&#8220; admin_label=&#8220;Image For Mobile&#8220; _builder_version=&#8220;3.23&#8243; custom_margin_tablet=&#8220;0px|||&#8220; custom_margin_last_edited=&#8220;off|desktop&#8220; animation_style=&#8220;slide&#8220; animation_direction=&#8220;right&#8220; animation_duration=&#8220;500ms&#8220; animation_intensity_slide=&#8220;10%&#8220; use_border_color=&#8220;off&#8220; border_color=&#8220;#ffffff&#8220; border_style=&#8220;solid&#8220; animation=&#8220;right&#8220; sticky=&#8220;off&#8220; always_center_on_mobile=&#8220;on&#8220;][\/et_pb_image][\/et_pb_column][\/et_pb_row][\/et_pb_section]<\/p>\n","protected":false},"excerpt":{"rendered":"<p>[et_pb_section fb_built=&#8220;1&#8243; admin_label=&#8220;Sekce&#8220; _builder_version=&#8220;3.22&#8243; custom_css_main_element=&#8220;background: rgba(181,198,208,1);||background: -moz-linear-gradient(left, rgba(181,198,208,1) 0%, rgba(245,92,92,1) 0%, rgba(252,171,90,1) 100%);||background: -webkit-gradient(left top, right top, color-stop(0%, rgba(181,198,208,1)), color-stop(0%, rgba(245,92,92,1)), color-stop(100%, rgba(252,171,90,1)));||background: -webkit-linear-gradient(left, rgba(181,198,208,1) 0%, rgba(245,92,92,1) 0%, rgba(252,171,90,1) 100%);||background: -o-linear-gradient(left, rgba(181,198,208,1) 0%, rgba(245,92,92,1) 0%, rgba(252,171,90,1) 100%);||background: -ms-linear-gradient(left, rgba(181,198,208,1) 0%, rgba(245,92,92,1) 0%, rgba(252,171,90,1) 100%);||background: linear-gradient(to right, rgba(181,198,208,1) 0%, rgba(245,92,92,1) 0%, rgba(252,171,90,1) 100%);||filter: progid:DXImageTransform.Microsoft.gradient( startColorstr=&#8217;#b5c6d0&#8242;, endColorstr=&#8217;#fcab5a&#8216;, [&hellip;]<\/p>\n","protected":false},"author":9,"featured_media":0,"parent":0,"menu_order":0,"comment_status":"closed","ping_status":"closed","template":"","meta":{"_et_pb_use_builder":"on","_et_pb_old_content":"[et_pb_section admin_label=\"Sekce\" fullwidth=\"off\" specialty=\"off\" transparent_background=\"off\" allow_player_pause=\"off\" inner_shadow=\"off\" parallax=\"off\" parallax_method=\"off\" make_fullwidth=\"off\" use_custom_width=\"off\" width_unit=\"on\" make_equal=\"off\" use_custom_gutter=\"off\" custom_css_main_element=\"background: rgba(181,198,208,1);||background: -moz-linear-gradient(left, rgba(181,198,208,1) 0%, rgba(245,92,92,1) 0%, rgba(252,171,90,1) 100%);||background: -webkit-gradient(left top, right top, color-stop(0%, rgba(181,198,208,1)), color-stop(0%, rgba(245,92,92,1)), color-stop(100%, rgba(252,171,90,1)));||background: -webkit-linear-gradient(left, rgba(181,198,208,1) 0%, rgba(245,92,92,1) 0%, rgba(252,171,90,1) 100%);||background: -o-linear-gradient(left, rgba(181,198,208,1) 0%, rgba(245,92,92,1) 0%, rgba(252,171,90,1) 100%);||background: -ms-linear-gradient(left, rgba(181,198,208,1) 0%, rgba(245,92,92,1) 0%, rgba(252,171,90,1) 100%);||background: linear-gradient(to right, rgba(181,198,208,1) 0%, rgba(245,92,92,1) 0%, rgba(252,171,90,1) 100%);||filter: progid:DXImageTransform.Microsoft.gradient( startColorstr='#b5c6d0', endColorstr='#fcab5a', GradientType=1 );\"][et_pb_row admin_label=\"\u0158\u00e1dek\"][et_pb_column type=\"1_4\"][\/et_pb_column][et_pb_column type=\"1_2\"][\/et_pb_column][et_pb_column type=\"1_4\"][\/et_pb_column][\/et_pb_row][\/et_pb_section][et_pb_section admin_label=\"Section #2 - Practice Areas\" fullwidth=\"off\" specialty=\"off\" transparent_background=\"off\" allow_player_pause=\"off\" inner_shadow=\"off\" parallax=\"off\" parallax_method=\"off\" custom_padding=\"10%|||\" padding_mobile=\"on\" make_fullwidth=\"off\" use_custom_width=\"off\" width_unit=\"on\" make_equal=\"off\" use_custom_gutter=\"off\" collapsed=\"off\"][et_pb_row admin_label=\"row\" make_fullwidth=\"off\" use_custom_width=\"off\" width_unit=\"on\" use_custom_gutter=\"off\" custom_padding_tablet=\"0px||0px|\" custom_padding_last_edited=\"on|tablet\" padding_mobile=\"off\" allow_player_pause=\"off\" parallax=\"off\" parallax_method=\"off\" make_equal=\"off\" parallax_1=\"off\" parallax_method_1=\"off\" parallax_2=\"off\" parallax_method_2=\"off\" column_padding_mobile=\"on\"][et_pb_column type=\"1_2\"][et_pb_text admin_label=\"<\/p><h1>OFFICE HOURS<\/h1><h5>LOur practice of office gynecology provides many services for health care maintenance for women at all stages of life, aged 16 and up.\" background_layout=\"light\" text_orientation=\"right\" header_font=\"Open Sans|on|||\" use_border_color=\"off\" border_color=\"#ffffff\" border_style=\"solid\" header_font_size=\"50\" custom_padding=\"10px|||\" custom_padding_tablet=\"5px|||\" custom_padding_last_edited=\"on|desktop\" header_font_size_phone=\"32\" header_font_size_last_edited=\"on|desktop\" custom_margin=\"-80px|||\" custom_margin_tablet=\"0px|||\" custom_margin_last_edited=\"on|phone\"]\r\n\r\n<h1>OFFICE HOURS<\/h1>\r\n<h5>Our practice of office gynecology provides many services for health care maintenance for women at all stages of life, aged 16 and up.<\/h5>\r\n\r\n[\/et_pb_text][et_pb_button admin_label=\"Tla\u010d\u00edtko\" button_url=\"\/contact\" url_new_window=\"off\" button_text=\"contact us\" button_alignment=\"right\" background_layout=\"dark\" custom_button=\"on\" button_text_color=\"#ffffff\" button_bg_color=\"#f55c5c\" button_border_color=\"#f55c5c\" button_letter_spacing=\"0\" button_use_icon=\"default\" button_icon_placement=\"right\" button_on_hover=\"on\" button_letter_spacing_hover=\"0\" saved_tabs=\"all\" button_border_width=\"0\" button_border_radius=\"0\" button_text_color_hover=\"#ffffff\" button_bg_color_hover=\"#fcab5a\" button_border_color_hover=\"#fcab5a\" button_border_radius_hover=\"0\"]\r\n\r\n\r\n\r\n[\/et_pb_button][\/et_pb_column][et_pb_column type=\"1_2\"][et_pb_text admin_label=\"OFFICE HOURS FOR DESKTOP\" background_layout=\"light\" text_orientation=\"left\" use_border_color=\"off\" border_color=\"#ffffff\" border_style=\"solid\" custom_css_main_element=\"border: 1px dotted #d0b08b!impotant;\" background_color=\"#ffffff\" disabled=\"off\" disabled_on=\"on|on|\" custom_margin=\"-257px|||\" custom_margin_last_edited=\"on|phone\" custom_margin_tablet=\"0px|||\"]\r\n\r\n<table>\r\n<tbody>\r\n<tr>\r\n<td>Monday<\/td>\r\n<td style=\"text-align: right;\">13:00 - 14:00<\/td>\r\n<\/tr>\r\n<tr>\r\n<td>Tuesday<\/td>\r\n<td style=\"text-align: right;\">12:00 - 14:00<\/td>\r\n<\/tr>\r\n<tr>\r\n<td>Wednesday<\/td>\r\n<td style=\"text-align: right;\">13:00 - 14:00<\/td>\r\n<\/tr>\r\n<tr>\r\n<td>Thursday<\/td>\r\n<td style=\"text-align: right;\">12:00 - 15:00<\/td>\r\n<\/tr>\r\n<tr>\r\n<td>Friday<\/td>\r\n<td style=\"text-align: right;\">only acute cases<\/td>\r\n<\/tr>\r\n<tr>\r\n<td>Saturday<\/td>\r\n<td style=\"text-align: right;\">\u00a014:00 - 20:00<\/td>\r\n<\/tr>\r\n<\/tbody>\r\n<\/table>\r\n\r\n[\/et_pb_text][et_pb_text admin_label=\"OFFICE HOURS FOR MOBILE\" background_layout=\"light\" text_orientation=\"left\" use_border_color=\"off\" border_color=\"#ffffff\" border_style=\"solid\" custom_css_main_element=\"border: 1px dotted #d0b08b!impotant;\" background_color=\"#ffffff\" disabled=\"off\" disabled_on=\"off|off|on\" custom_margin_last_edited=\"on|tablet\" custom_margin_tablet=\"0px|||\"]\r\n\r\n<table>\r\n<tbody>\r\n<tr>\r\n<td>Monday<\/td>\r\n<td style=\"text-align: right;\">13:00 - 14:00<\/td>\r\n<\/tr>\r\n<tr>\r\n<td>Tuesday<\/td>\r\n<td style=\"text-align: right;\">12:00 - 14:00<\/td>\r\n<\/tr>\r\n<tr>\r\n<td>Wednesday<\/td>\r\n<td style=\"text-align: right;\">13:00 - 14:00<\/td>\r\n<\/tr>\r\n<tr>\r\n<td>Thursday<\/td>\r\n<td style=\"text-align: right;\">12:00 - 15:00<\/td>\r\n<\/tr>\r\n<tr>\r\n<td>Friday<\/td>\r\n<td style=\"text-align: right;\">only acute cases<\/td>\r\n<\/tr>\r\n<tr>\r\n<td>Saturday<\/td>\r\n<td style=\"text-align: right;\">&nbsp;14:00 - 20:00<\/td>\r\n<\/tr>\r\n<\/tbody>\r\n<\/table>\r\n\r\n[\/et_pb_text][et_pb_divider admin_label=\"Odd\u011blova\u010d\" color=\"#ffffff\" show_divider=\"off\" height=\"10\" divider_style=\"solid\" divider_position=\"top\" hide_on_mobile=\"on\"]\r\n\r\n\r\n\r\n[\/et_pb_divider][et_pb_image admin_label=\"Image For Desktop\" src=\"http:\/\/gynecologyprague.cz\/wp-content\/uploads\/2017\/01\/AdobeStock_42389367-1.jpeg\" show_in_lightbox=\"off\" url_new_window=\"off\" use_overlay=\"off\" animation=\"right\" sticky=\"off\" align=\"left\" force_fullwidth=\"off\" always_center_on_mobile=\"on\" use_border_color=\"off\" border_color=\"#ffffff\" border_style=\"solid\" custom_css_main_element=\"width: 125%;||z-index: 0;||position: relative;\" custom_margin_last_edited=\"on|phone\" disabled=\"off\" disabled_on=\"on|on|\" max_width=\"500px\"]\r\n\r\n\r\n\r\n[\/et_pb_image][et_pb_image admin_label=\"Image For Mobile\" src=\"http:\/\/gynecologyprague.cz\/wp-content\/uploads\/2017\/01\/AdobeStock_42389367-1.jpeg\" show_in_lightbox=\"off\" url_new_window=\"off\" use_overlay=\"off\" animation=\"right\" sticky=\"off\" align=\"center\" force_fullwidth=\"off\" always_center_on_mobile=\"on\" use_border_color=\"off\" border_color=\"#ffffff\" border_style=\"solid\" custom_margin_tablet=\"0px|||\" custom_margin_last_edited=\"off|desktop\" disabled=\"off\" disabled_on=\"||on\"]\r\n\r\n\r\n\r\n[\/et_pb_image][\/et_pb_column][\/et_pb_row][\/et_pb_section]","_et_gb_content_width":""},"_links":{"self":[{"href":"https:\/\/gynecologyprague.cz\/cs\/wp-json\/wp\/v2\/pages\/118560"}],"collection":[{"href":"https:\/\/gynecologyprague.cz\/cs\/wp-json\/wp\/v2\/pages"}],"about":[{"href":"https:\/\/gynecologyprague.cz\/cs\/wp-json\/wp\/v2\/types\/page"}],"author":[{"embeddable":true,"href":"https:\/\/gynecologyprague.cz\/cs\/wp-json\/wp\/v2\/users\/9"}],"replies":[{"embeddable":true,"href":"https:\/\/gynecologyprague.cz\/cs\/wp-json\/wp\/v2\/comments?post=118560"}],"version-history":[{"count":3,"href":"https:\/\/gynecologyprague.cz\/cs\/wp-json\/wp\/v2\/pages\/118560\/revisions"}],"predecessor-version":[{"id":118600,"href":"https:\/\/gynecologyprague.cz\/cs\/wp-json\/wp\/v2\/pages\/118560\/revisions\/118600"}],"wp:attachment":[{"href":"https:\/\/gynecologyprague.cz\/cs\/wp-json\/wp\/v2\/media?parent=118560"}],"curies":[{"name":"wp","href":"https:\/\/api.w.org\/{rel}","templated":true}]}}